
{"id":2042,"date":"2024-08-02T10:40:09","date_gmt":"2024-08-02T09:40:09","guid":{"rendered":"https:\/\/grupojoya.pt\/students\/?page_id=2042"},"modified":"2024-12-23T17:11:38","modified_gmt":"2024-12-23T17:11:38","slug":"quartos","status":"publish","type":"page","link":"https:\/\/grupojoya.pt\/students\/quartos\/","title":{"rendered":"Quartos"},"content":{"rendered":"\t\t<div data-elementor-type=\"wp-page\" data-elementor-id=\"2042\" class=\"elementor elementor-2042\" data-elementor-post-type=\"page\">\n\t\t\t\t<div class=\"elementor-element elementor-element-5a3a8a3 e-con-full e-flex e-con e-parent\" data-id=\"5a3a8a3\" data-element_type=\"container\">\n\t\t<div class=\"elementor-element elementor-element-cd9a287 e-con-full elementor-hidden-tablet elementor-hidden-mobile_extra elementor-hidden-mobile e-flex e-con e-child\" data-id=\"cd9a287\" data-element_type=\"container\" data-settings=\"{&quot;sticky&quot;:&quot;top&quot;,&quot;sticky_offset&quot;:60,&quot;sticky_on&quot;:[&quot;widescreen&quot;,&quot;desktop&quot;,&quot;laptop&quot;,&quot;tablet_extra&quot;,&quot;tablet&quot;,&quot;mobile_extra&quot;,&quot;mobile&quot;],&quot;sticky_effects_offset&quot;:0,&quot;sticky_anchor_link_offset&quot;:0}\">\n\t\t\t\t<\/div>\n\t\t<div class=\"elementor-element elementor-element-19577f1 e-con-full e-flex e-con e-child\" data-id=\"19577f1\" data-element_type=\"container\">\n\t\t\t\t<div class=\"elementor-element elementor-element-5a46491 elementor-widget elementor-widget-shortcode\" data-id=\"5a46491\" data-element_type=\"widget\" data-widget_type=\"shortcode.default\">\n\t\t\t\t<div class=\"elementor-widget-container\">\n\t\t\t\t\t\t\t<div class=\"elementor-shortcode\">\n    <!-- property-filter-section -->\n    <div class=\"property-filter-section\">\n        <div class=\"property-filter-wrapper\">\n            <div class=\"property-fliter-title\">\n                <!-- <h2>PESQUISA DE IM\u00d3VEIS<\/h2> -->\n            <h2>\n                PESQUISA DE IM\u00d3VEIS            <\/h2>\n            <\/div>\n            <div class=\"filter-list-wrapper\">\n                <form method=\"GET\" action=\"\">   \n                    <div class=\"filter-list\">\n                        <!-- <input type=\"text\" name=\"zone\" id=\"zone\" value=\"\" placeholder=\"\"> -->\n                        <select class=\"filterby\" name=\"city\" id=\"city\">\n                            <option value=\"\">Localiza\u00e7\u00e3o<\/option>\n                                                            <option value=\"689\" >\n                                    Coimbra                                <\/option>\n                                                    <\/select>\n                    <\/div>\n                    <div class=\"filter-list\">\n                        <select class=\"filterby\" name=\"gender\" id=\"propertytype\">\n                            <option value=\"\">G\u00e9nero<\/option>\n                            <option value=\"902364\" >Masculino<\/option>\n                            <option value=\"902363\" >Feminino<\/option>\n                            <option value=\"902365\" >Masculino\/Feminino<\/option>\n                                                    <\/select>\n                    <\/div>\n                    <div class=\"filter-list\">\n                    <select class=\"filterby\" name=\"condition\" id=\"condition\">\n                        <option value=\"\">Condi\u00e7\u00f5es<\/option>\n                        <option value=\"902342\" >WC privado<\/option>\n                        <option value=\"902343\" >WC partilhado<\/option>\n                                            <\/select>\n                    <\/div>\n                    \n                    <div class=\"filter-chenter\">\n\t\t\t\t\t\t<button type=\"submit\">Pesquisar<\/button>\n                    <\/div>\n                <\/form> \n            <\/div>\n        <\/div>\n    <\/div>\n    <!-- property-slider-section -->\n                \n            <div class=\"property-slider-section\">\n                <div class=\"property-slider-wrapper\">\n                    <div class=\"slider-title\">\n                        <h2 class=\"title-border\">Apartamentos<\/h2>\n                    <\/div>\n                    <div class=\"slider-content-wrapper apartment-list\">\n            \n                        <!-- Display properties dynamically -->\n                                                    <div class=\"slider-item active\" data-index=\"0\" data-id=\"11237\">\n                                <div class=\"slider-image\">\n                                    <a href=\"https:\/\/grupojoya.pt\/students\/quartos\/coimbra\/584302\">\n                                        <img decoding=\"async\" src=\"https:\/\/cdn.proppy.app\/propertyphotos\/4688\/d5382a35-8bf5-4bcb-89e3-82b3656cd7ae\/584302\/a8bff86a-50bc-49d0-8f4f-89bd8cf617fa.jpg\" alt=\"Property Image\"\/>\n                                    <\/a>\n                                <\/div>\n                                <div class=\"slider-content \">\n                                    <a href=\"https:\/\/grupojoya.pt\/students\/quartos\/coimbra\/584302\">\n                                        <h2>Esmeralda<\/h2>\n                                    <\/a>\n                                    <h6>Coimbra<\/h6>\n                                    <p>Cozinha totalmente equipada.\r\nSala de estar aconchegante: Um espa\u00e7o ideal para relaxar e socializar com os teus colegas de casa\r\n3 quartos individuais: Cada quarto est\u00e1 equipado com arm\u00e1rio e secret\u00e1ria\r\n2 WCs partilhados\r\nM\u00e1quina de lavar e secar roupa e lou\u00e7a: Para facilitar as tuas tarefas dom\u00e9sticas<\/p>\n                                    <div class=\"price-slider pro-slide\">\n                                                                                    <span>Sob consulta<\/span>\n                                                                                <a href=\"https:\/\/grupojoya.pt\/students\/quartos\/coimbra\/584302\" class=\"slider-wrapper-arrow\">\n                                            <span class=\"btn-animation\">Saber mais<\/span>\n                                        <\/a>\n                                    <\/div>\n                                <\/div>\n                            <\/div>\n                                                    <div class=\"slider-item \" data-index=\"1\" data-id=\"11236\">\n                                <div class=\"slider-image\">\n                                    <a href=\"https:\/\/grupojoya.pt\/students\/quartos\/coimbra\/584301\">\n                                        <img decoding=\"async\" src=\"https:\/\/cdn.proppy.app\/propertyphotos\/4688\/d5382a35-8bf5-4bcb-89e3-82b3656cd7ae\/584301\/15558963-cd83-49fe-863f-42f47757a958.jpg\" alt=\"Property Image\"\/>\n                                    <\/a>\n                                <\/div>\n                                <div class=\"slider-content \">\n                                    <a href=\"https:\/\/grupojoya.pt\/students\/quartos\/coimbra\/584301\">\n                                        <h2>Safira<\/h2>\n                                    <\/a>\n                                    <h6>Coimbra<\/h6>\n                                    <p>Cozinha totalmente equipada.\r\nSala de estar aconchegante: Um espa\u00e7o ideal para relaxar e socializar com os teus colegas de casa\r\n6 quartos individuais: Cada quarto est\u00e1 equipado com arm\u00e1rio e secret\u00e1ria \r\n2 WCs partilhados\r\nM\u00e1quina de lavar e secar roupa e lou\u00e7a: Para facilitar as tuas tarefas dom\u00e9sticas<\/p>\n                                    <div class=\"price-slider pro-slide\">\n                                                                                    <span>Sob consulta<\/span>\n                                                                                <a href=\"https:\/\/grupojoya.pt\/students\/quartos\/coimbra\/584301\" class=\"slider-wrapper-arrow\">\n                                            <span class=\"btn-animation\">Saber mais<\/span>\n                                        <\/a>\n                                    <\/div>\n                                <\/div>\n                            <\/div>\n                                                    <div class=\"slider-item \" data-index=\"2\" data-id=\"11242\">\n                                <div class=\"slider-image\">\n                                    <a href=\"https:\/\/grupojoya.pt\/students\/quartos\/coimbra\/584256\">\n                                        <img decoding=\"async\" src=\"https:\/\/cdn.proppy.app\/propertyphotos\/4688\/d5382a35-8bf5-4bcb-89e3-82b3656cd7ae\/584256\/73eef2eb-3462-4a72-aa02-19a6d18ca2f2.jpg\" alt=\"Property Image\"\/>\n                                    <\/a>\n                                <\/div>\n                                <div class=\"slider-content \">\n                                    <a href=\"https:\/\/grupojoya.pt\/students\/quartos\/coimbra\/584256\">\n                                        <h2>Suites<\/h2>\n                                    <\/a>\n                                    <h6>Coimbra<\/h6>\n                                    <p>Cozinha totalmente equipada.\r\nSala de estar aconchegante: Um espa\u00e7o ideal para relaxar e socializar com os teus colegas de casa\r\n2 quartos individuais: Cada quarto est\u00e1 equipado com wc, arm\u00e1rio, secret\u00e1ria e televis\u00e3o\r\nWC privado.\r\nM\u00e1quina de lavar e secar roupa e lou\u00e7a: Para facilitar as tuas tarefas dom\u00e9sticas<\/p>\n                                    <div class=\"price-slider pro-slide\">\n                                                                                    <span>Sob consulta<\/span>\n                                                                                <a href=\"https:\/\/grupojoya.pt\/students\/quartos\/coimbra\/584256\" class=\"slider-wrapper-arrow\">\n                                            <span class=\"btn-animation\">Saber mais<\/span>\n                                        <\/a>\n                                    <\/div>\n                                <\/div>\n                            <\/div>\n                                                    <div class=\"slider-item \" data-index=\"3\" data-id=\"11235\">\n                                <div class=\"slider-image\">\n                                    <a href=\"https:\/\/grupojoya.pt\/students\/quartos\/coimbra\/584298\">\n                                        <img decoding=\"async\" src=\"https:\/\/cdn.proppy.app\/propertyphotos\/4688\/d5382a35-8bf5-4bcb-89e3-82b3656cd7ae\/584298\/3fcd9f82-b4e2-441d-bb5b-8a2a90d72f3c.jpg\" alt=\"Property Image\"\/>\n                                    <\/a>\n                                <\/div>\n                                <div class=\"slider-content \">\n                                    <a href=\"https:\/\/grupojoya.pt\/students\/quartos\/coimbra\/584298\">\n                                        <h2>Ruby<\/h2>\n                                    <\/a>\n                                    <h6>Coimbra<\/h6>\n                                    <p>Cozinha totalmente equipada.\r\nSala de estar aconchegante: Um espa\u00e7o ideal para relaxar e socializar com os teus colegas de casa\r\n6 quartos individuais: Cada quarto est\u00e1 equipado arm\u00e1rio e secret\u00e1ria \r\n2 WCs partilhado\r\nM\u00e1quina de lavar e secar roupa e lou\u00e7a: Para facilitar as tuas tarefas dom\u00e9sticas<\/p>\n                                    <div class=\"price-slider pro-slide\">\n                                                                                    <span>Sob consulta<\/span>\n                                                                                <a href=\"https:\/\/grupojoya.pt\/students\/quartos\/coimbra\/584298\" class=\"slider-wrapper-arrow\">\n                                            <span class=\"btn-animation\">Saber mais<\/span>\n                                        <\/a>\n                                    <\/div>\n                                <\/div>\n                            <\/div>\n                                            <\/div>\n                <\/div>\n            <\/div>\n\n            <!-- Property Listing Section -->\n            <div class=\"property-listing-section\">\n                <div class=\"property-listing-wrapper\" id=\"property-listing-wrapper\">\n                    <div class=\"property-listing-title\">\n                        <h2 class=\"title-border\">QUARTOS<\/h2>\n                    <\/div>\n                    <div class=\"property-box-wrapper-ajax\" id=\"property-box-wrapper\">\n                        <!-- This will be filled by AJAX later -->\n                    <\/div>\n                <\/div>\n            <\/div>\n\n    <\/div>\n\t\t\t\t\t\t<\/div>\n\t\t\t\t<\/div>\n\t\t\t\t<\/div>\n\t\t\t\t<\/div>\n\t\t<div class=\"elementor-element elementor-element-c907c15 e-con-full e-flex e-con e-parent\" data-id=\"c907c15\" data-element_type=\"container\">\n\t\t<div class=\"elementor-element elementor-element-90f626e e-con-full e-flex e-con e-child\" data-id=\"90f626e\" data-element_type=\"container\" data-settings=\"{&quot;background_background&quot;:&quot;classic&quot;}\">\n\t\t\t\t<div class=\"elementor-element elementor-element-257775c elementor-widget elementor-widget-heading\" data-id=\"257775c\" data-element_type=\"widget\" data-widget_type=\"heading.default\">\n\t\t\t\t<div class=\"elementor-widget-container\">\n\t\t\t\t\t<h2 class=\"elementor-heading-title elementor-size-default\">N\u00c3O PERCA AS NOVIDADES!<\/h2>\t\t\t\t<\/div>\n\t\t\t\t<\/div>\n\t\t\t\t<div class=\"elementor-element elementor-element-a5692a1 elementor-widget-divider--view-line elementor-widget elementor-widget-divider\" data-id=\"a5692a1\" data-element_type=\"widget\" data-widget_type=\"divider.default\">\n\t\t\t\t<div class=\"elementor-widget-container\">\n\t\t\t\t\t\t\t<div class=\"elementor-divider\">\n\t\t\t<span class=\"elementor-divider-separator\">\n\t\t\t\t\t\t<\/span>\n\t\t<\/div>\n\t\t\t\t\t\t<\/div>\n\t\t\t\t<\/div>\n\t\t<div class=\"elementor-element elementor-element-41122c5 e-grid e-con-full e-con e-child\" data-id=\"41122c5\" data-element_type=\"container\">\n\t\t\t\t<div class=\"elementor-element elementor-element-0e95078 elementor-widget__width-initial elementor-widget-mobile__width-inherit elementor-widget elementor-widget-heading\" data-id=\"0e95078\" data-element_type=\"widget\" data-widget_type=\"heading.default\">\n\t\t\t\t<div class=\"elementor-widget-container\">\n\t\t\t\t\t<h2 class=\"elementor-heading-title elementor-size-default\">O grupo de whatsapp que precisas.<\/h2>\t\t\t\t<\/div>\n\t\t\t\t<\/div>\n\t\t\t\t<div class=\"elementor-element elementor-element-6208304 elementor-icon-list--layout-traditional elementor-list-item-link-full_width elementor-widget elementor-widget-icon-list\" data-id=\"6208304\" data-element_type=\"widget\" data-widget_type=\"icon-list.default\">\n\t\t\t\t<div class=\"elementor-widget-container\">\n\t\t\t\t\t\t\t<ul class=\"elementor-icon-list-items\">\n\t\t\t\t\t\t\t<li class=\"elementor-icon-list-item\">\n\t\t\t\t\t\t\t\t\t\t\t<span class=\"elementor-icon-list-icon\">\n\t\t\t\t\t\t\t<svg aria-hidden=\"true\" class=\"e-font-icon-svg e-far-check-circle\" viewBox=\"0 0 512 512\" xmlns=\"http:\/\/www.w3.org\/2000\/svg\"><path d=\"M256 8C119.033 8 8 119.033 8 256s111.033 248 248 248 248-111.033 248-248S392.967 8 256 8zm0 48c110.532 0 200 89.451 200 200 0 110.532-89.451 200-200 200-110.532 0-200-89.451-200-200 0-110.532 89.451-200 200-200m140.204 130.267l-22.536-22.718c-4.667-4.705-12.265-4.736-16.97-.068L215.346 303.697l-59.792-60.277c-4.667-4.705-12.265-4.736-16.97-.069l-22.719 22.536c-4.705 4.667-4.736 12.265-.068 16.971l90.781 91.516c4.667 4.705 12.265 4.736 16.97.068l172.589-171.204c4.704-4.668 4.734-12.266.067-16.971z\"><\/path><\/svg>\t\t\t\t\t\t<\/span>\n\t\t\t\t\t\t\t\t\t\t<span class=\"elementor-icon-list-text\">Quartos dispon\u00edveis em primeira m\u00e3o<\/span>\n\t\t\t\t\t\t\t\t\t<\/li>\n\t\t\t\t\t\t\t\t<li class=\"elementor-icon-list-item\">\n\t\t\t\t\t\t\t\t\t\t\t<span class=\"elementor-icon-list-icon\">\n\t\t\t\t\t\t\t<svg aria-hidden=\"true\" class=\"e-font-icon-svg e-far-check-circle\" viewBox=\"0 0 512 512\" xmlns=\"http:\/\/www.w3.org\/2000\/svg\"><path d=\"M256 8C119.033 8 8 119.033 8 256s111.033 248 248 248 248-111.033 248-248S392.967 8 256 8zm0 48c110.532 0 200 89.451 200 200 0 110.532-89.451 200-200 200-110.532 0-200-89.451-200-200 0-110.532 89.451-200 200-200m140.204 130.267l-22.536-22.718c-4.667-4.705-12.265-4.736-16.97-.068L215.346 303.697l-59.792-60.277c-4.667-4.705-12.265-4.736-16.97-.069l-22.719 22.536c-4.705 4.667-4.736 12.265-.068 16.971l90.781 91.516c4.667 4.705 12.265 4.736 16.97.068l172.589-171.204c4.704-4.668 4.734-12.266.067-16.971z\"><\/path><\/svg>\t\t\t\t\t\t<\/span>\n\t\t\t\t\t\t\t\t\t\t<span class=\"elementor-icon-list-text\">Vagas de \u00faltima hora<\/span>\n\t\t\t\t\t\t\t\t\t<\/li>\n\t\t\t\t\t\t\t\t<li class=\"elementor-icon-list-item\">\n\t\t\t\t\t\t\t\t\t\t\t<span class=\"elementor-icon-list-icon\">\n\t\t\t\t\t\t\t<svg aria-hidden=\"true\" class=\"e-font-icon-svg e-far-check-circle\" viewBox=\"0 0 512 512\" xmlns=\"http:\/\/www.w3.org\/2000\/svg\"><path d=\"M256 8C119.033 8 8 119.033 8 256s111.033 248 248 248 248-111.033 248-248S392.967 8 256 8zm0 48c110.532 0 200 89.451 200 200 0 110.532-89.451 200-200 200-110.532 0-200-89.451-200-200 0-110.532 89.451-200 200-200m140.204 130.267l-22.536-22.718c-4.667-4.705-12.265-4.736-16.97-.068L215.346 303.697l-59.792-60.277c-4.667-4.705-12.265-4.736-16.97-.069l-22.719 22.536c-4.705 4.667-4.736 12.265-.068 16.971l90.781 91.516c4.667 4.705 12.265 4.736 16.97.068l172.589-171.204c4.704-4.668 4.734-12.266.067-16.971z\"><\/path><\/svg>\t\t\t\t\t\t<\/span>\n\t\t\t\t\t\t\t\t\t\t<span class=\"elementor-icon-list-text\">Novas localiza\u00e7\u00f5es<\/span>\n\t\t\t\t\t\t\t\t\t<\/li>\n\t\t\t\t\t\t\t\t<li class=\"elementor-icon-list-item\">\n\t\t\t\t\t\t\t\t\t\t\t<span class=\"elementor-icon-list-icon\">\n\t\t\t\t\t\t\t<svg aria-hidden=\"true\" class=\"e-font-icon-svg e-far-check-circle\" viewBox=\"0 0 512 512\" xmlns=\"http:\/\/www.w3.org\/2000\/svg\"><path d=\"M256 8C119.033 8 8 119.033 8 256s111.033 248 248 248 248-111.033 248-248S392.967 8 256 8zm0 48c110.532 0 200 89.451 200 200 0 110.532-89.451 200-200 200-110.532 0-200-89.451-200-200 0-110.532 89.451-200 200-200m140.204 130.267l-22.536-22.718c-4.667-4.705-12.265-4.736-16.97-.068L215.346 303.697l-59.792-60.277c-4.667-4.705-12.265-4.736-16.97-.069l-22.719 22.536c-4.705 4.667-4.736 12.265-.068 16.971l90.781 91.516c4.667 4.705 12.265 4.736 16.97.068l172.589-171.204c4.704-4.668 4.734-12.266.067-16.971z\"><\/path><\/svg>\t\t\t\t\t\t<\/span>\n\t\t\t\t\t\t\t\t\t\t<span class=\"elementor-icon-list-text\">Eventos do Joya Students<\/span>\n\t\t\t\t\t\t\t\t\t<\/li>\n\t\t\t\t\t\t\t\t<li class=\"elementor-icon-list-item\">\n\t\t\t\t\t\t\t\t\t\t\t<span class=\"elementor-icon-list-icon\">\n\t\t\t\t\t\t\t<svg aria-hidden=\"true\" class=\"e-font-icon-svg e-far-check-circle\" viewBox=\"0 0 512 512\" xmlns=\"http:\/\/www.w3.org\/2000\/svg\"><path d=\"M256 8C119.033 8 8 119.033 8 256s111.033 248 248 248 248-111.033 248-248S392.967 8 256 8zm0 48c110.532 0 200 89.451 200 200 0 110.532-89.451 200-200 200-110.532 0-200-89.451-200-200 0-110.532 89.451-200 200-200m140.204 130.267l-22.536-22.718c-4.667-4.705-12.265-4.736-16.97-.068L215.346 303.697l-59.792-60.277c-4.667-4.705-12.265-4.736-16.97-.069l-22.719 22.536c-4.705 4.667-4.736 12.265-.068 16.971l90.781 91.516c4.667 4.705 12.265 4.736 16.97.068l172.589-171.204c4.704-4.668 4.734-12.266.067-16.971z\"><\/path><\/svg>\t\t\t\t\t\t<\/span>\n\t\t\t\t\t\t\t\t\t\t<span class=\"elementor-icon-list-text\">Informa\u00e7\u00f5es sobre o Alojamento Universit\u00e1rio<\/span>\n\t\t\t\t\t\t\t\t\t<\/li>\n\t\t\t\t\t\t<\/ul>\n\t\t\t\t\t\t<\/div>\n\t\t\t\t<\/div>\n\t\t\t\t<\/div>\n\t\t\t\t<div class=\"elementor-element elementor-element-88163ee elementor-align-justify elementor-widget elementor-widget-button\" data-id=\"88163ee\" data-element_type=\"widget\" data-widget_type=\"button.default\">\n\t\t\t\t<div class=\"elementor-widget-container\">\n\t\t\t\t\t\t\t\t\t<div class=\"elementor-button-wrapper\">\n\t\t\t\t\t<a class=\"elementor-button elementor-button-link elementor-size-sm\" href=\"https:\/\/chat.whatsapp.com\/HIMIgzyExjb9eThGIvT1ut\">\n\t\t\t\t\t\t<span class=\"elementor-button-content-wrapper\">\n\t\t\t\t\t\t\t\t\t<span class=\"elementor-button-text\">Entrar na Comunidade de Whatsapp<\/span>\n\t\t\t\t\t<\/span>\n\t\t\t\t\t<\/a>\n\t\t\t\t<\/div>\n\t\t\t\t\t\t\t\t<\/div>\n\t\t\t\t<\/div>\n\t\t\t\t<div class=\"elementor-element elementor-element-72f5fbe elementor-button-align-center elementor-widget__width-initial elementor-widget-mobile__width-inherit elementor-widget-tablet_extra__width-inherit elementor-hidden-widescreen elementor-hidden-desktop elementor-hidden-laptop elementor-hidden-tablet_extra elementor-hidden-tablet elementor-hidden-mobile_extra elementor-hidden-mobile elementor-widget elementor-widget-form\" data-id=\"72f5fbe\" data-element_type=\"widget\" data-settings=\"{&quot;step_next_label&quot;:&quot;Next&quot;,&quot;step_previous_label&quot;:&quot;Previous&quot;,&quot;button_width&quot;:&quot;20&quot;,&quot;button_width_mobile_extra&quot;:&quot;100&quot;,&quot;step_type&quot;:&quot;number_text&quot;,&quot;step_icon_shape&quot;:&quot;circle&quot;}\" data-widget_type=\"form.default\">\n\t\t\t\t<div class=\"elementor-widget-container\">\n\t\t\t\t\t\t\t<form class=\"elementor-form\" method=\"post\" name=\"Contact us page form\">\n\t\t\t<input type=\"hidden\" name=\"post_id\" value=\"2042\"\/>\n\t\t\t<input type=\"hidden\" name=\"form_id\" value=\"72f5fbe\"\/>\n\t\t\t<input type=\"hidden\" name=\"referer_title\" value=\"\" \/>\n\n\t\t\t\n\t\t\t<div class=\"elementor-form-fields-wrapper elementor-labels-\">\n\t\t\t\t\t\t\t\t<div class=\"elementor-field-type-text elementor-field-group elementor-column elementor-field-group-name elementor-col-40 elementor-field-required\">\n\t\t\t\t\t\t\t\t\t\t\t\t<label for=\"form-field-name\" class=\"elementor-field-label elementor-screen-only\">\n\t\t\t\t\t\t\t\tNome\t\t\t\t\t\t\t<\/label>\n\t\t\t\t\t\t\t\t\t\t\t\t\t\t<input size=\"1\" type=\"text\" name=\"form_fields[name]\" id=\"form-field-name\" class=\"elementor-field elementor-size-sm  elementor-field-textual\" placeholder=\"Nome\" required=\"required\">\n\t\t\t\t\t\t\t\t\t\t\t<\/div>\n\t\t\t\t\t\t\t\t<div class=\"elementor-field-type-email elementor-field-group elementor-column elementor-field-group-email elementor-col-40 elementor-field-required\">\n\t\t\t\t\t\t\t\t\t\t\t\t<label for=\"form-field-email\" class=\"elementor-field-label elementor-screen-only\">\n\t\t\t\t\t\t\t\tEmail\t\t\t\t\t\t\t<\/label>\n\t\t\t\t\t\t\t\t\t\t\t\t\t\t<input size=\"1\" type=\"email\" name=\"form_fields[email]\" id=\"form-field-email\" class=\"elementor-field elementor-size-sm  elementor-field-textual\" placeholder=\"Email\" required=\"required\">\n\t\t\t\t\t\t\t\t\t\t\t<\/div>\n\t\t\t\t\t\t\t\t<div class=\"elementor-field-type-text elementor-field-group elementor-column elementor-field-group-field_6dc11b4 elementor-col-40 elementor-field-required\">\n\t\t\t\t\t\t\t\t\t\t\t\t<label for=\"form-field-field_6dc11b4\" class=\"elementor-field-label elementor-screen-only\">\n\t\t\t\t\t\t\t\tAssunto\t\t\t\t\t\t\t<\/label>\n\t\t\t\t\t\t\t\t\t\t\t\t\t\t<input size=\"1\" type=\"text\" name=\"form_fields[field_6dc11b4]\" id=\"form-field-field_6dc11b4\" class=\"elementor-field elementor-size-sm  elementor-field-textual\" placeholder=\"Assunto\" required=\"required\">\n\t\t\t\t\t\t\t\t\t\t\t<\/div>\n\t\t\t\t\t\t\t\t<div class=\"elementor-field-type-text elementor-field-group elementor-column elementor-field-group-field_ad94df4 elementor-col-40 elementor-field-required\">\n\t\t\t\t\t\t\t\t\t\t\t\t<label for=\"form-field-field_ad94df4\" class=\"elementor-field-label elementor-screen-only\">\n\t\t\t\t\t\t\t\tContacto telef\u00f3nico\t\t\t\t\t\t\t<\/label>\n\t\t\t\t\t\t\t\t\t\t\t\t\t\t<input size=\"1\" type=\"text\" name=\"form_fields[field_ad94df4]\" id=\"form-field-field_ad94df4\" class=\"elementor-field elementor-size-sm  elementor-field-textual\" placeholder=\"Contacto telef\u00f3nico\" required=\"required\">\n\t\t\t\t\t\t\t\t\t\t\t<\/div>\n\t\t\t\t\t\t\t\t<div class=\"elementor-field-type-textarea elementor-field-group elementor-column elementor-field-group-message elementor-col-80\">\n\t\t\t\t\t\t\t\t\t\t\t\t<label for=\"form-field-message\" class=\"elementor-field-label elementor-screen-only\">\n\t\t\t\t\t\t\t\tOl\u00e1, estou interrado\/a...\t\t\t\t\t\t\t<\/label>\n\t\t\t\t\t\t<textarea class=\"elementor-field-textual elementor-field  elementor-size-sm\" name=\"form_fields[message]\" id=\"form-field-message\" rows=\"4\" placeholder=\"Ol\u00e1, estou interrado\/a...\"><\/textarea>\t\t\t\t<\/div>\n\t\t\t\t\t\t\t\t<div class=\"elementor-field-group elementor-column elementor-field-type-submit elementor-col-20 e-form__buttons\">\n\t\t\t\t\t<button class=\"elementor-button elementor-size-sm\" type=\"submit\">\n\t\t\t\t\t\t<span class=\"elementor-button-content-wrapper\">\n\t\t\t\t\t\t\t\t\t\t\t\t\t\t\t<span class=\"elementor-button-icon\">\n\t\t\t\t\t\t\t\t\t<svg aria-hidden=\"true\" class=\"e-font-icon-svg e-fas-arrow-right\" viewBox=\"0 0 448 512\" xmlns=\"http:\/\/www.w3.org\/2000\/svg\"><path d=\"M190.5 66.9l22.2-22.2c9.4-9.4 24.6-9.4 33.9 0L441 239c9.4 9.4 9.4 24.6 0 33.9L246.6 467.3c-9.4 9.4-24.6 9.4-33.9 0l-22.2-22.2c-9.5-9.5-9.3-25 .4-34.3L311.4 296H24c-13.3 0-24-10.7-24-24v-32c0-13.3 10.7-24 24-24h287.4L190.9 101.2c-9.8-9.3-10-24.8-.4-34.3z\"><\/path><\/svg>\t\t\t\t\t\t\t\t\t\t\t\t\t\t\t\t\t<\/span>\n\t\t\t\t\t\t\t\t\t\t\t\t\t\t\t\t\t\t\t\t\t\t<span class=\"elementor-button-text\">Enviar<\/span>\n\t\t\t\t\t\t\t\t\t\t\t\t\t<\/span>\n\t\t\t\t\t<\/button>\n\t\t\t\t<\/div>\n\t\t\t<\/div>\n\t\t<\/form>\n\t\t\t\t\t\t<\/div>\n\t\t\t\t<\/div>\n\t\t\t\t<\/div>\n\t\t\t\t<\/div>\n\t\t\t\t<\/div>\n\t\t","protected":false},"excerpt":{"rendered":"<p>N\u00c3O PERCA AS NOVIDADES! O grupo de whatsapp que precisas. Quartos dispon\u00edveis em primeira m\u00e3o Vagas de \u00faltima hora Novas localiza\u00e7\u00f5es Eventos do Joya Students Informa\u00e7\u00f5es sobre o Alojamento Universit\u00e1rio Entrar na Comunidade de Whatsapp<\/p>\n","protected":false},"author":2,"featured_media":0,"parent":0,"menu_order":0,"comment_status":"closed","ping_status":"closed","template":"","meta":{"footnotes":""},"class_list":["post-2042","page","type-page","status-publish","hentry"],"_links":{"self":[{"href":"https:\/\/grupojoya.pt\/students\/wp-json\/wp\/v2\/pages\/2042","targetHints":{"allow":["GET"]}}],"collection":[{"href":"https:\/\/grupojoya.pt\/students\/wp-json\/wp\/v2\/pages"}],"about":[{"href":"https:\/\/grupojoya.pt\/students\/wp-json\/wp\/v2\/types\/page"}],"author":[{"embeddable":true,"href":"https:\/\/grupojoya.pt\/students\/wp-json\/wp\/v2\/users\/2"}],"replies":[{"embeddable":true,"href":"https:\/\/grupojoya.pt\/students\/wp-json\/wp\/v2\/comments?post=2042"}],"version-history":[{"count":24,"href":"https:\/\/grupojoya.pt\/students\/wp-json\/wp\/v2\/pages\/2042\/revisions"}],"predecessor-version":[{"id":5854,"href":"https:\/\/grupojoya.pt\/students\/wp-json\/wp\/v2\/pages\/2042\/revisions\/5854"}],"wp:attachment":[{"href":"https:\/\/grupojoya.pt\/students\/wp-json\/wp\/v2\/media?parent=2042"}],"curies":[{"name":"wp","href":"https:\/\/api.w.org\/{rel}","templated":true}]}}